{"id":9859,"date":"2024-05-07T06:15:20","date_gmt":"2024-05-07T06:15:20","guid":{"rendered":"https:\/\/racontetapis.fr\/?page_id=9859"},"modified":"2025-09-28T00:40:51","modified_gmt":"2025-09-28T00:40:51","slug":"contact-raconte-tapis","status":"publish","type":"page","link":"https:\/\/racontetapis.fr\/en\/contact-raconte-tapis\/","title":{"rendered":"Contact Raconte-tapis"},"content":{"rendered":"\t\t<div data-elementor-type=\"wp-page\" data-elementor-id=\"9859\" class=\"elementor elementor-9859\" data-elementor-post-type=\"page\">\n\t\t\t\t<div class=\"elementor-element elementor-element-fa6ea74 e-con-full e-flex elementor-invisible e-con e-parent\" data-id=\"fa6ea74\" data-element_type=\"container\" data-e-type=\"container\" data-settings=\"{&quot;background_background&quot;:&quot;classic&quot;,&quot;animation&quot;:&quot;fadeIn&quot;}\">\n\t\t<div class=\"elementor-element elementor-element-29c7caa e-con-full e-flex e-con e-child\" data-id=\"29c7caa\" data-element_type=\"container\" data-e-type=\"container\">\n\t\t\t\t<div class=\"elementor-element elementor-element-04c9d8e elementor-widget elementor-widget-button\" data-id=\"04c9d8e\" data-element_type=\"widget\" data-e-type=\"widget\" data-widget_type=\"button.default\">\n\t\t\t\t<div class=\"elementor-widget-container\">\n\t\t\t\t\t\t\t\t\t<div class=\"elementor-button-wrapper\">\n\t\t\t\t\t<a class=\"elementor-button elementor-button-link elementor-size-sm\" href=\"mailto:contact@racontetapis.fr\">\n\t\t\t\t\t\t<span class=\"elementor-button-content-wrapper\">\n\t\t\t\t\t\t\t\t\t<span class=\"elementor-button-text\">contact@racontetapis.fr<\/span>\n\t\t\t\t\t<\/span>\n\t\t\t\t\t<\/a>\n\t\t\t\t<\/div>\n\t\t\t\t\t\t\t\t<\/div>\n\t\t\t\t<\/div>\n\t\t\t\t<div class=\"elementor-element elementor-element-be4f43b elementor-widget elementor-widget-button\" data-id=\"be4f43b\" data-element_type=\"widget\" data-e-type=\"widget\" data-widget_type=\"button.default\">\n\t\t\t\t<div class=\"elementor-widget-container\">\n\t\t\t\t\t\t\t\t\t<div class=\"elementor-button-wrapper\">\n\t\t\t\t\t<a class=\"elementor-button elementor-button-link elementor-size-sm\" href=\"tel:+33632751046\">\n\t\t\t\t\t\t<span class=\"elementor-button-content-wrapper\">\n\t\t\t\t\t\t<span class=\"elementor-button-icon\">\n\t\t\t\t<i aria-hidden=\"true\" class=\"fas fa-phone-alt\"><\/i>\t\t\t<\/span>\n\t\t\t\t\t\t\t\t\t<span class=\"elementor-button-text\">+ 33 6 32 75 10 46<\/span>\n\t\t\t\t\t<\/span>\n\t\t\t\t\t<\/a>\n\t\t\t\t<\/div>\n\t\t\t\t\t\t\t\t<\/div>\n\t\t\t\t<\/div>\n\t\t\t\t<\/div>\n\t\t\t\t<div class=\"elementor-element elementor-element-f50fdf7 elementor-widget__width-initial elementor-button-align-stretch elementor-widget elementor-widget-form\" data-id=\"f50fdf7\" data-element_type=\"widget\" data-e-type=\"widget\" data-settings=\"{&quot;step_next_label&quot;:&quot;Suivant&quot;,&quot;step_previous_label&quot;:&quot;Pr\\u00e9c\\u00e9dent&quot;,&quot;_animation&quot;:&quot;none&quot;,&quot;step_type&quot;:&quot;number_text&quot;,&quot;step_icon_shape&quot;:&quot;circle&quot;}\" data-widget_type=\"form.default\">\n\t\t\t\t<div class=\"elementor-widget-container\">\n\t\t\t\t\t\t\t<form class=\"elementor-form\" method=\"post\" id=\"formulaire_contact\" name=\"Formulaire de contact :\" novalidate=\"\">\n\t\t\t<input type=\"hidden\" name=\"post_id\" value=\"9859\"\/>\n\t\t\t<input type=\"hidden\" name=\"form_id\" value=\"f50fdf7\"\/>\n\t\t\t<input type=\"hidden\" name=\"referer_title\" value=\"Racontetapis\" \/>\n\n\t\t\t\n\t\t\t<div class=\"elementor-form-fields-wrapper elementor-labels-above\">\n\t\t\t\t\t\t\t\t<div class=\"elementor-field-type-text elementor-field-group elementor-column elementor-field-group-nom elementor-col-100 elementor-sm-100 elementor-field-required elementor-mark-required\">\n\t\t\t\t\t\t\t\t\t\t\t\t<label for=\"form-field-nom\" class=\"elementor-field-label\">\n\t\t\t\t\t\t\t\tNom et pr\u00e9nom\t\t\t\t\t\t\t<\/label>\n\t\t\t\t\t\t\t\t\t\t\t\t\t\t<input size=\"1\" type=\"text\" name=\"form_fields[nom]\" id=\"form-field-nom\" class=\"elementor-field elementor-size-xs  elementor-field-textual\" required=\"required\">\n\t\t\t\t\t\t\t\t\t\t\t<\/div>\n\t\t\t\t\t\t\t\t<div class=\"elementor-field-type-email elementor-field-group elementor-column elementor-field-group-email elementor-col-100 elementor-sm-100 elementor-field-required elementor-mark-required\">\n\t\t\t\t\t\t\t\t\t\t\t\t<label for=\"form-field-email\" class=\"elementor-field-label\">\n\t\t\t\t\t\t\t\tE-mail\t\t\t\t\t\t\t<\/label>\n\t\t\t\t\t\t\t\t\t\t\t\t\t\t<input size=\"1\" type=\"email\" name=\"form_fields[email]\" id=\"form-field-email\" class=\"elementor-field elementor-size-xs  elementor-field-textual\" required=\"required\">\n\t\t\t\t\t\t\t\t\t\t\t<\/div>\n\t\t\t\t\t\t\t\t<div class=\"elementor-field-type-tel elementor-field-group elementor-column elementor-field-group-field_0050ea9 elementor-col-100 elementor-sm-100\">\n\t\t\t\t\t\t\t\t\t\t\t\t<label for=\"form-field-field_0050ea9\" class=\"elementor-field-label\">\n\t\t\t\t\t\t\t\tT\u00e9l\u00e9phone\t\t\t\t\t\t\t<\/label>\n\t\t\t\t\t\t\t\t<input size=\"1\" type=\"tel\" name=\"form_fields[field_0050ea9]\" id=\"form-field-field_0050ea9\" class=\"elementor-field elementor-size-xs  elementor-field-textual\" pattern=\"[0-9()#&amp;+*-=.]+\" title=\"Only numbers and phone characters (#, -, *, etc) are accepted.\">\n\n\t\t\t\t\t\t<\/div>\n\t\t\t\t\t\t\t\t<div class=\"elementor-field-type-text elementor-field-group elementor-column elementor-field-group-societe elementor-col-100 elementor-sm-100\">\n\t\t\t\t\t\t\t\t\t\t\t\t<label for=\"form-field-societe\" class=\"elementor-field-label\">\n\t\t\t\t\t\t\t\tVotre collectivit\u00e9\t\t\t\t\t\t\t<\/label>\n\t\t\t\t\t\t\t\t\t\t\t\t\t\t<input size=\"1\" type=\"text\" name=\"form_fields[societe]\" id=\"form-field-societe\" class=\"elementor-field elementor-size-xs  elementor-field-textual\">\n\t\t\t\t\t\t\t\t\t\t\t<\/div>\n\t\t\t\t\t\t\t\t<div class=\"elementor-field-type-text elementor-field-group elementor-column elementor-field-group-field_cfb47e7 elementor-col-100 elementor-sm-100\">\n\t\t\t\t\t\t\t\t\t\t\t\t<label for=\"form-field-field_cfb47e7\" class=\"elementor-field-label\">\n\t\t\t\t\t\t\t\tVotre fonction\t\t\t\t\t\t\t<\/label>\n\t\t\t\t\t\t\t\t\t\t\t\t\t\t<input size=\"1\" type=\"text\" name=\"form_fields[field_cfb47e7]\" id=\"form-field-field_cfb47e7\" class=\"elementor-field elementor-size-xs  elementor-field-textual\">\n\t\t\t\t\t\t\t\t\t\t\t<\/div>\n\t\t\t\t\t\t\t\t<div class=\"elementor-field-type-textarea elementor-field-group elementor-column elementor-field-group-message elementor-col-100 elementor-sm-100 elementor-field-required elementor-mark-required\">\n\t\t\t\t\t\t\t\t\t\t\t\t<label for=\"form-field-message\" class=\"elementor-field-label\">\n\t\t\t\t\t\t\t\tVotre message\t\t\t\t\t\t\t<\/label>\n\t\t\t\t\t\t<textarea class=\"elementor-field-textual elementor-field  elementor-size-xs\" name=\"form_fields[message]\" id=\"form-field-message\" rows=\"4\" required=\"required\"><\/textarea>\t\t\t\t<\/div>\n\t\t\t\t\t\t\t\t<div class=\"elementor-field-type-text\">\n\t\t\t\t\t<input size=\"1\" type=\"text\" name=\"form_fields[field_e938fff]\" id=\"form-field-field_e938fff\" class=\"elementor-field elementor-size-xs \" style=\"display:none !important;\">\t\t\t\t<\/div>\n\t\t\t\t\t\t\t\t<div class=\"elementor-field-group elementor-column elementor-field-type-submit elementor-col-100 e-form__buttons\">\n\t\t\t\t\t<button class=\"elementor-button elementor-size-xs\" type=\"submit\" id=\"erichammam@racontetapis.fr\">\n\t\t\t\t\t\t<span class=\"elementor-button-content-wrapper\">\n\t\t\t\t\t\t\t\t\t\t\t\t\t\t\t<span class=\"elementor-button-icon\">\n\t\t\t\t\t\t\t\t\t<i aria-hidden=\"true\" class=\"far fa-paper-plane\"><\/i>\t\t\t\t\t\t\t\t\t\t\t\t\t\t\t\t\t<\/span>\n\t\t\t\t\t\t\t\t\t\t\t\t\t\t\t\t\t\t\t\t\t\t<span class=\"elementor-button-text\">Envoyer<\/span>\n\t\t\t\t\t\t\t\t\t\t\t\t\t<\/span>\n\t\t\t\t\t<\/button>\n\t\t\t\t<\/div>\n\t\t\t<\/div>\n\t\t<\/form>\n\t\t\t\t\t\t<\/div>\n\t\t\t\t<\/div>\n\t\t<div class=\"elementor-element elementor-element-ad8a899 e-con-full e-flex e-con e-child\" data-id=\"ad8a899\" data-element_type=\"container\" data-e-type=\"container\">\n\t\t\t\t<div class=\"elementor-element elementor-element-bacc4be elementor-widget__width-initial elementor-widget elementor-widget-theme-site-logo elementor-widget-image\" data-id=\"bacc4be\" data-element_type=\"widget\" data-e-type=\"widget\" data-widget_type=\"theme-site-logo.default\">\n\t\t\t\t<div class=\"elementor-widget-container\">\n\t\t\t\t\t\t\t\t\t\t\t<a href=\"https:\/\/racontetapis.fr\/en\">\n\t\t\t<img fetchpriority=\"high\" decoding=\"async\" width=\"402\" height=\"223\" src=\"https:\/\/racontetapis.fr\/wp-content\/uploads\/2022\/10\/logo-negatif.png\" class=\"attachment-full size-full wp-image-10882\" alt=\"\" srcset=\"https:\/\/racontetapis.fr\/wp-content\/uploads\/2022\/10\/logo-negatif.png 402w, https:\/\/racontetapis.fr\/wp-content\/uploads\/2022\/10\/logo-negatif-300x166.png 300w, https:\/\/racontetapis.fr\/wp-content\/uploads\/2022\/10\/logo-negatif-18x10.png 18w\" sizes=\"100vw\" \/>\t\t\t\t<\/a>\n\t\t\t\t\t\t\t\t\t\t\t<\/div>\n\t\t\t\t<\/div>\n\t\t\t\t<div class=\"elementor-element elementor-element-fa3d493 elementor-widget elementor-widget-text-editor\" data-id=\"fa3d493\" data-element_type=\"widget\" data-e-type=\"widget\" data-widget_type=\"text-editor.default\">\n\t\t\t\t<div class=\"elementor-widget-container\">\n\t\t\t\t\t\t\t\t\tRacontetapis \u00ae est une marque d\u00e9pos\u00e9e.<\/br>Droits d&rsquo;usage r\u00e9serv\u00e9s \u00e0 nos productions.<\/br>\t\t\t\t\t\t\t\t<\/div>\n\t\t\t\t<\/div>\n\t\t\t\t<div class=\"elementor-element elementor-element-6becc9e elementor-align-center elementor-widget elementor-widget-button\" data-id=\"6becc9e\" data-element_type=\"widget\" data-e-type=\"widget\" data-widget_type=\"button.default\">\n\t\t\t\t<div class=\"elementor-widget-container\">\n\t\t\t\t\t\t\t\t\t<div class=\"elementor-button-wrapper\">\n\t\t\t\t\t<a class=\"elementor-button elementor-button-link elementor-size-sm\" href=\"#elementor-action%3Aaction%3Dpopup%3Aopen%26settings%3DeyJpZCI6IjU3MzgiLCJ0b2dnbGUiOmZhbHNlfQ%3D%3D\">\n\t\t\t\t\t\t<span class=\"elementor-button-content-wrapper\">\n\t\t\t\t\t\t\t\t\t<span class=\"elementor-button-text\">Mentions l\u00e9gales &amp; Politique de confidentialit\u00e9<\/span>\n\t\t\t\t\t<\/span>\n\t\t\t\t\t<\/a>\n\t\t\t\t<\/div>\n\t\t\t\t\t\t\t\t<\/div>\n\t\t\t\t<\/div>\n\t\t\t\t<div class=\"elementor-element elementor-element-d34461a elementor-widget elementor-widget-text-editor\" data-id=\"d34461a\" data-element_type=\"widget\" data-e-type=\"widget\" data-widget_type=\"text-editor.default\">\n\t\t\t\t<div class=\"elementor-widget-container\">\n\t\t\t\t\t\t\t\t\tSite construit avec <a href=\"https:\/\/fr.wordpress.org\/\" target=\"_blank\" rel=\"noopener\"><span style=\"color: #00ffff;\">WordPress<\/span> <\/a>et <span style=\"color: #00ffff;\"><a style=\"color: #00ffff;\" href=\"https:\/\/elementor.com\/\" target=\"_blank\" rel=\"noopener\">Elementor<\/a><\/span>\t\t\t\t\t\t\t\t<\/div>\n\t\t\t\t<\/div>\n\t\t\t\t<div class=\"elementor-element elementor-element-54f0dde elementor-widget-laptop__width-initial elementor-widget-tablet__width-initial elementor-widget-mobile__width-initial elementor-widget__width-initial elementor-widget elementor-widget-image\" data-id=\"54f0dde\" data-element_type=\"widget\" data-e-type=\"widget\" data-widget_type=\"image.default\">\n\t\t\t\t<div class=\"elementor-widget-container\">\n\t\t\t\t\t\t\t\t\t\t\t\t\t\t\t<img decoding=\"async\" width=\"274\" height=\"200\" src=\"https:\/\/racontetapis.fr\/wp-content\/uploads\/2022\/10\/renard.png\" class=\"attachment-large size-large wp-image-1003\" alt=\"Image contact raconte-tapis\" sizes=\"100vw\" \/>\t\t\t\t\t\t\t\t\t\t\t\t\t\t\t<\/div>\n\t\t\t\t<\/div>\n\t\t\t\t<\/div>\n\t\t\t\t<\/div>\n\t\t\t\t<\/div>\n\t\t","protected":false},"excerpt":{"rendered":"<p>contact@racontetapis.fr + 33 6 32 75 10 46 Racontetapis \u00ae est une marque d\u00e9pos\u00e9e.Droits d&rsquo;usage r\u00e9serv\u00e9s \u00e0 nos productions. Mentions l\u00e9gales &amp; Politique de confidentialit\u00e9 Site construit avec WordPress et Elementor<\/p>","protected":false},"author":1,"featured_media":0,"parent":0,"menu_order":0,"comment_status":"closed","ping_status":"closed","template":"elementor_header_footer","meta":{"footnotes":""},"class_list":["post-9859","page","type-page","status-publish","hentry"],"yoast_head":"<!-- This site is optimized with the Yoast SEO plugin v27.3 - https:\/\/yoast.com\/product\/yoast-seo-wordpress\/ -->\n<title>Contact Raconte-tapis &#8226; Racontetapis<\/title>\n<meta name=\"description\" content=\"Vous souhaitez en savoir plus sur les raconte-tapis ? Notre formulaire de contact Raconte-tapis est \u00e0 votre disposition...\" \/>\n<meta name=\"robots\" content=\"index, follow, max-snippet:-1, max-image-preview:large, max-video-preview:-1\" \/>\n<link rel=\"canonical\" href=\"https:\/\/racontetapis.fr\/en\/contact-raconte-tapis\/\" \/>\n<script type=\"application\/ld+json\" class=\"yoast-schema-graph\">{\"@context\":\"https:\\\/\\\/schema.org\",\"@graph\":[{\"@type\":\"WebPage\",\"@id\":\"https:\\\/\\\/racontetapis.fr\\\/contact-raconte-tapis\\\/\",\"url\":\"https:\\\/\\\/racontetapis.fr\\\/contact-raconte-tapis\\\/\",\"name\":\"Contact Raconte-tapis &#8226; Racontetapis\",\"isPartOf\":{\"@id\":\"https:\\\/\\\/racontetapis.fr\\\/#website\"},\"primaryImageOfPage\":{\"@id\":\"https:\\\/\\\/racontetapis.fr\\\/contact-raconte-tapis\\\/#primaryimage\"},\"image\":{\"@id\":\"https:\\\/\\\/racontetapis.fr\\\/contact-raconte-tapis\\\/#primaryimage\"},\"thumbnailUrl\":\"https:\\\/\\\/racontetapis.fr\\\/wp-content\\\/uploads\\\/2022\\\/10\\\/renard.png\",\"datePublished\":\"2024-05-07T06:15:20+00:00\",\"dateModified\":\"2025-09-28T00:40:51+00:00\",\"description\":\"Vous souhaitez en savoir plus sur les raconte-tapis ? Notre formulaire de contact Raconte-tapis est \u00e0 votre disposition...\",\"breadcrumb\":{\"@id\":\"https:\\\/\\\/racontetapis.fr\\\/contact-raconte-tapis\\\/#breadcrumb\"},\"inLanguage\":\"en-GB\",\"potentialAction\":[{\"@type\":\"ReadAction\",\"target\":[\"https:\\\/\\\/racontetapis.fr\\\/contact-raconte-tapis\\\/\"]}]},{\"@type\":\"ImageObject\",\"inLanguage\":\"en-GB\",\"@id\":\"https:\\\/\\\/racontetapis.fr\\\/contact-raconte-tapis\\\/#primaryimage\",\"url\":\"https:\\\/\\\/racontetapis.fr\\\/wp-content\\\/uploads\\\/2022\\\/10\\\/renard.png\",\"contentUrl\":\"https:\\\/\\\/racontetapis.fr\\\/wp-content\\\/uploads\\\/2022\\\/10\\\/renard.png\"},{\"@type\":\"BreadcrumbList\",\"@id\":\"https:\\\/\\\/racontetapis.fr\\\/contact-raconte-tapis\\\/#breadcrumb\",\"itemListElement\":[{\"@type\":\"ListItem\",\"position\":1,\"name\":\"Accueil\",\"item\":\"https:\\\/\\\/racontetapis.fr\\\/\"},{\"@type\":\"ListItem\",\"position\":2,\"name\":\"Contact Raconte-tapis\"}]},{\"@type\":\"WebSite\",\"@id\":\"https:\\\/\\\/racontetapis.fr\\\/#website\",\"url\":\"https:\\\/\\\/racontetapis.fr\\\/\",\"name\":\"Racontetapis\",\"description\":\"Exprimer et transmettre le plaisir de lire\",\"publisher\":{\"@id\":\"https:\\\/\\\/racontetapis.fr\\\/#organization\"},\"potentialAction\":[{\"@type\":\"SearchAction\",\"target\":{\"@type\":\"EntryPoint\",\"urlTemplate\":\"https:\\\/\\\/racontetapis.fr\\\/?s={search_term_string}\"},\"query-input\":{\"@type\":\"PropertyValueSpecification\",\"valueRequired\":true,\"valueName\":\"search_term_string\"}}],\"inLanguage\":\"en-GB\"},{\"@type\":\"Organization\",\"@id\":\"https:\\\/\\\/racontetapis.fr\\\/#organization\",\"name\":\"Raconte-tapis\",\"alternateName\":\"Racontetapis\",\"url\":\"https:\\\/\\\/racontetapis.fr\\\/\",\"logo\":{\"@type\":\"ImageObject\",\"inLanguage\":\"en-GB\",\"@id\":\"https:\\\/\\\/racontetapis.fr\\\/#\\\/schema\\\/logo\\\/image\\\/\",\"url\":\"https:\\\/\\\/racontetapis.fr\\\/wp-content\\\/uploads\\\/2022\\\/10\\\/logo-e1687684818402.png\",\"contentUrl\":\"https:\\\/\\\/racontetapis.fr\\\/wp-content\\\/uploads\\\/2022\\\/10\\\/logo-e1687684818402.png\",\"width\":350,\"height\":156,\"caption\":\"Raconte-tapis\"},\"image\":{\"@id\":\"https:\\\/\\\/racontetapis.fr\\\/#\\\/schema\\\/logo\\\/image\\\/\"}}]}<\/script>\n<!-- \/ Yoast SEO plugin. -->","yoast_head_json":{"title":"Contact Raconte-tapis &#8226; Racontetapis","description":"Vous souhaitez en savoir plus sur les raconte-tapis ? Notre formulaire de contact Raconte-tapis est \u00e0 votre disposition...","robots":{"index":"index","follow":"follow","max-snippet":"max-snippet:-1","max-image-preview":"max-image-preview:large","max-video-preview":"max-video-preview:-1"},"canonical":"https:\/\/racontetapis.fr\/en\/contact-raconte-tapis\/","schema":{"@context":"https:\/\/schema.org","@graph":[{"@type":"WebPage","@id":"https:\/\/racontetapis.fr\/contact-raconte-tapis\/","url":"https:\/\/racontetapis.fr\/contact-raconte-tapis\/","name":"Contact Raconte-tapis &#8226; Racontetapis","isPartOf":{"@id":"https:\/\/racontetapis.fr\/#website"},"primaryImageOfPage":{"@id":"https:\/\/racontetapis.fr\/contact-raconte-tapis\/#primaryimage"},"image":{"@id":"https:\/\/racontetapis.fr\/contact-raconte-tapis\/#primaryimage"},"thumbnailUrl":"https:\/\/racontetapis.fr\/wp-content\/uploads\/2022\/10\/renard.png","datePublished":"2024-05-07T06:15:20+00:00","dateModified":"2025-09-28T00:40:51+00:00","description":"Vous souhaitez en savoir plus sur les raconte-tapis ? Notre formulaire de contact Raconte-tapis est \u00e0 votre disposition...","breadcrumb":{"@id":"https:\/\/racontetapis.fr\/contact-raconte-tapis\/#breadcrumb"},"inLanguage":"en-GB","potentialAction":[{"@type":"ReadAction","target":["https:\/\/racontetapis.fr\/contact-raconte-tapis\/"]}]},{"@type":"ImageObject","inLanguage":"en-GB","@id":"https:\/\/racontetapis.fr\/contact-raconte-tapis\/#primaryimage","url":"https:\/\/racontetapis.fr\/wp-content\/uploads\/2022\/10\/renard.png","contentUrl":"https:\/\/racontetapis.fr\/wp-content\/uploads\/2022\/10\/renard.png"},{"@type":"BreadcrumbList","@id":"https:\/\/racontetapis.fr\/contact-raconte-tapis\/#breadcrumb","itemListElement":[{"@type":"ListItem","position":1,"name":"Accueil","item":"https:\/\/racontetapis.fr\/"},{"@type":"ListItem","position":2,"name":"Contact Raconte-tapis"}]},{"@type":"WebSite","@id":"https:\/\/racontetapis.fr\/#website","url":"https:\/\/racontetapis.fr\/","name":"Racontetapis","description":"Express and transmit the pleasure of reading","publisher":{"@id":"https:\/\/racontetapis.fr\/#organization"},"potentialAction":[{"@type":"SearchAction","target":{"@type":"EntryPoint","urlTemplate":"https:\/\/racontetapis.fr\/?s={search_term_string}"},"query-input":{"@type":"PropertyValueSpecification","valueRequired":true,"valueName":"search_term_string"}}],"inLanguage":"en-GB"},{"@type":"Organization","@id":"https:\/\/racontetapis.fr\/#organization","name":"Carpet story","alternateName":"Racontetapis","url":"https:\/\/racontetapis.fr\/","logo":{"@type":"ImageObject","inLanguage":"en-GB","@id":"https:\/\/racontetapis.fr\/#\/schema\/logo\/image\/","url":"https:\/\/racontetapis.fr\/wp-content\/uploads\/2022\/10\/logo-e1687684818402.png","contentUrl":"https:\/\/racontetapis.fr\/wp-content\/uploads\/2022\/10\/logo-e1687684818402.png","width":350,"height":156,"caption":"Raconte-tapis"},"image":{"@id":"https:\/\/racontetapis.fr\/#\/schema\/logo\/image\/"}}]}},"_links":{"self":[{"href":"https:\/\/racontetapis.fr\/en\/wp-json\/wp\/v2\/pages\/9859","targetHints":{"allow":["GET"]}}],"collection":[{"href":"https:\/\/racontetapis.fr\/en\/wp-json\/wp\/v2\/pages"}],"about":[{"href":"https:\/\/racontetapis.fr\/en\/wp-json\/wp\/v2\/types\/page"}],"author":[{"embeddable":true,"href":"https:\/\/racontetapis.fr\/en\/wp-json\/wp\/v2\/users\/1"}],"replies":[{"embeddable":true,"href":"https:\/\/racontetapis.fr\/en\/wp-json\/wp\/v2\/comments?post=9859"}],"version-history":[{"count":18,"href":"https:\/\/racontetapis.fr\/en\/wp-json\/wp\/v2\/pages\/9859\/revisions"}],"predecessor-version":[{"id":11331,"href":"https:\/\/racontetapis.fr\/en\/wp-json\/wp\/v2\/pages\/9859\/revisions\/11331"}],"wp:attachment":[{"href":"https:\/\/racontetapis.fr\/en\/wp-json\/wp\/v2\/media?parent=9859"}],"curies":[{"name":"wp","href":"https:\/\/api.w.org\/{rel}","templated":true}]}}